{"id":20753,"date":"2025-02-13T18:52:13","date_gmt":"2025-02-13T23:52:13","guid":{"rendered":"\/?page_id=20753"},"modified":"2025-02-14T07:02:47","modified_gmt":"2025-02-14T12:02:47","slug":"paquete-sweetheart","status":"publish","type":"page","link":"\/es\/paquete-sweetheart\/","title":{"rendered":"Paquete Sweetheart"},"content":{"rendered":"<p>[et_pb_section fb_built=&#8221;1&#8243; specialty=&#8221;on&#8221; _builder_version=&#8221;4.27.0&#8243; _module_preset=&#8221;default&#8221; global_colors_info=&#8221;{}&#8221;][et_pb_column type=&#8221;1_2&#8243; _builder_version=&#8221;4.16&#8243; custom_padding=&#8221;|||&#8221; global_colors_info=&#8221;{}&#8221; custom_padding__hover=&#8221;|||&#8221;]<\/p>\n<p>[et_pb_gallery gallery_ids=&#8221;20747&#8243; fullwidth=&#8221;on&#8221; _builder_version=&#8221;4.27.4&#8243; _module_preset=&#8221;default&#8221; global_colors_info=&#8221;{}&#8221;][\/et_pb_gallery]<\/p>\n<p>[\/et_pb_column][et_pb_column type=&#8221;1_2&#8243; specialty_columns=&#8221;2&#8243; _builder_version=&#8221;4.16&#8243; custom_padding=&#8221;|||&#8221; global_colors_info=&#8221;{}&#8221; custom_padding__hover=&#8221;|||&#8221;][et_pb_row_inner _builder_version=&#8221;4.16&#8243; _module_preset=&#8221;default&#8221; global_colors_info=&#8221;{}&#8221;][et_pb_column_inner saved_specialty_column_type=&#8221;1_2&#8243; _builder_version=&#8221;4.16&#8243; _module_preset=&#8221;default&#8221; global_colors_info=&#8221;{}&#8221;][et_pb_text _builder_version=&#8221;4.27.4&#8243; _module_preset=&#8221;default&#8221; text_font=&#8221;Lato||||||||&#8221; text_text_color=&#8221;#000000&#8243; text_font_size=&#8221;16px&#8221; text_line_height=&#8221;1.5em&#8221; header_font=&#8221;Tenor Sans|700|||||||&#8221; header_text_color=&#8221;#000000&#8243; header_font_size=&#8221;28px&#8221; header_line_height=&#8221;1.5em&#8221; custom_margin=&#8221;10px||10px||false|false&#8221; custom_padding=&#8221;10px||10px||false|false&#8221; global_colors_info=&#8221;{}&#8221;]<\/p>\n<h1>PAQUETE SWEETHEART<\/h1>\n<p>\u00a1El amor est\u00e1 en el aire y huele a frutos rojos!<\/p>\n<p>Conoce el <strong>Paquete Sweetheart<\/strong>, un tr\u00edo de edici\u00f3n limitada con sabor a frutos rojos y bayas y un toque rosa, dise\u00f1ado para apoyar la hidrataci\u00f3n, energ\u00eda y belleza natural, todo envuelto en un paquete lleno de amor. Ya sea que te est\u00e9s consentiendo a ti mismo o sorprendiendo a alguien especial, este bundle es la manera perfecta de beber, brillar y mantenerte lleno de energ\u00eda durante toda la temporada.<\/p>\n<p><strong>Incluye: <\/strong><strong>HYDRATE<\/strong> &#8211; Fresa Kiwi, <strong>RUSH<\/strong> &#8211; Fresa y <strong>GLOW<\/strong><\/p>\n<p><strong>HYDRATE<\/strong> es una bebida electrol\u00edtica que va m\u00e1s all\u00e1 de la hidrataci\u00f3n, apoyando la recuperaci\u00f3n muscular y el rendimiento con BCAA y la salud del estado de \u00e1nimo y cognitiva con L-teanina.\u2020<\/p>\n<p><strong>RUSH<\/strong> es una bebida avanzada de energ\u00eda vitam\u00ednica que potencia vidas activas a diario con energ\u00eda funcional esencial, impulsada por vitaminas y nootr\u00f3picos clave.\u2020<\/p>\n<p><strong>GLOW<\/strong> es una gomita de belleza con sabor a sand\u00eda y frambuesa dise\u00f1ada para apoyar los niveles naturales de col\u00e1geno y mantener el cabello, la piel y las u\u00f1as saludables.\u2020<\/p>\n<p>&nbsp;<\/p>\n<p><b>USD$180 AL POR MENOR\u00a0<\/b><\/p>\n<p class=\"p1\"><b>USD$162 VIP<\/b><\/p>\n<p class=\"p1\"><b>(VALOR DE USD$189.99)<\/b><\/p>\n<p>[\/et_pb_text][\/et_pb_column_inner][\/et_pb_row_inner][et_pb_row_inner _builder_version=&#8221;4.16&#8243; _module_preset=&#8221;default&#8221; custom_padding=&#8221;0px||0px|||&#8221; link_option_url=&#8221;https:\/\/shop.bydesign.com\/Bravenly\/#\/shop\/detail\/3ACC\/from\/&#8221; global_colors_info=&#8221;{}&#8221;][et_pb_column_inner saved_specialty_column_type=&#8221;1_2&#8243; _builder_version=&#8221;4.16&#8243; _module_preset=&#8221;default&#8221; global_colors_info=&#8221;{}&#8221;][et_pb_button button_url=&#8221;https:\/\/shop.bydesign.com\/Bravenly\/#\/shop\/detail\/SWEETHEART\/from\/&#8221; button_text=&#8221;ADD TO CART&#8221; _builder_version=&#8221;4.27.4&#8243; _module_preset=&#8221;default&#8221; custom_button=&#8221;on&#8221; button_text_size=&#8221;16px&#8221; button_text_color=&#8221;#000000&#8243; button_border_color=&#8221;#000000&#8243; button_font=&#8221;Lato||||||||&#8221; hover_enabled=&#8221;0&#8243; global_colors_info=&#8221;{}&#8221; sticky_enabled=&#8221;0&#8243;][\/et_pb_button][\/et_pb_column_inner][\/et_pb_row_inner][\/et_pb_column][\/et_pb_section][et_pb_section fb_built=&#8221;1&#8243; _builder_version=&#8221;4.16&#8243; _module_preset=&#8221;default&#8221; global_colors_info=&#8221;{}&#8221;][et_pb_row _builder_version=&#8221;4.16&#8243; _module_preset=&#8221;default&#8221; min_height=&#8221;193px&#8221; custom_margin=&#8221;|auto|2px|auto||&#8221; custom_padding=&#8221;0px||0px|||&#8221; global_colors_info=&#8221;{}&#8221;][et_pb_column type=&#8221;4_4&#8243; _builder_version=&#8221;4.16&#8243; _module_preset=&#8221;default&#8221; global_colors_info=&#8221;{}&#8221;][et_pb_toggle title=&#8221;Detalles&#8221; open_toggle_text_color=&#8221;#000000&#8243; open_toggle_background_color=&#8221;#ffffff&#8221; closed_toggle_background_color=&#8221;#ffffff&#8221; _builder_version=&#8221;4.27.4&#8243; _module_preset=&#8221;default&#8221; title_text_color=&#8221;#000000&#8243; title_font=&#8221;Lato|700|||||||&#8221; closed_title_font=&#8221;Lato|700|||||||&#8221; closed_title_line_height=&#8221;1em&#8221; body_font=&#8221;Lato||||||||&#8221; body_text_color=&#8221;#000000&#8243; body_font_size=&#8221;16px&#8221; body_line_height=&#8221;1.5em&#8221; min_height=&#8221;59px&#8221; custom_margin=&#8221;2px||2px|||&#8221; custom_padding=&#8221;||12px|||&#8221; global_colors_info=&#8221;{}&#8221;]<\/p>\n<p>Conoce el <strong>Paquete Sweetheart<\/strong>, un tr\u00edo de edici\u00f3n limitada con sabor a frutos rojos y bayas y un toque rosa, dise\u00f1ado para apoyar la hidrataci\u00f3n, energ\u00eda y belleza natural, todo envuelto en un paquete lleno de amor. Ya sea que te est\u00e9s consentiendo a ti mismo o sorprendiendo a alguien especial, este bundle es la manera perfecta de beber, brillar y mantenerte lleno de energ\u00eda durante toda la temporada.<\/p>\n<p><strong>Incluye: <\/strong><strong>HYDRATE<\/strong> &#8211; Fresa Kiwi, <strong>RUSH<\/strong> &#8211; Fresa y <strong>GLOW<\/strong><\/p>\n<p>[\/et_pb_toggle][et_pb_toggle title=&#8221;C\u00f3mo utilizarlo&#8221; open_toggle_text_color=&#8221;#000000&#8243; open_toggle_background_color=&#8221;#ffffff&#8221; closed_toggle_background_color=&#8221;#ffffff&#8221; _builder_version=&#8221;4.27.4&#8243; _module_preset=&#8221;default&#8221; title_text_color=&#8221;#000000&#8243; title_font=&#8221;Lato|700|||||||&#8221; closed_title_font=&#8221;Lato|700|||||||&#8221; closed_title_line_height=&#8221;1em&#8221; body_font=&#8221;Lato||||||||&#8221; body_text_color=&#8221;#000000&#8243; body_font_size=&#8221;16px&#8221; body_line_height=&#8221;1.5em&#8221; min_height=&#8221;59px&#8221; custom_margin=&#8221;2px||2px|||&#8221; custom_padding=&#8221;||12px|||&#8221; global_colors_info=&#8221;{}&#8221;]<\/p>\n<p><strong>HYDRATE:<\/strong> Mezcla 1 porci\u00f3n en 14 a 16 onzas de agua. \u00a1Agita o revuelve hasta que se disuelva!<\/p>\n<p><strong>RUSH:<\/strong> Mezcla 1 porci\u00f3n en 8 a 10 onzas de agua. \u00a1Agita o revuelve hasta que se disuelva!<\/p>\n<p><strong>GLOW:<\/strong> Toma 2 gomitas al d\u00eda o seg\u00fan lo indique un profesional m\u00e9dico.<\/p>\n<p><em>*Las mujeres embarazadas o en periodo de lactancia, ni\u00f1os menores de 18 a\u00f1os y personas con condiciones m\u00e9dicas conocidas deben consultar a un m\u00e9dico antes de usar este o cualquier suplemento diet\u00e9tico. <\/em><\/p>\n<p><em><strong>Almacenamiento<\/strong>: No usar si el sello de seguridad est\u00e1 da\u00f1ado o falta. Guardar en un lugar fresco y seco, alejado del calor\/humedad.<\/em><\/p>\n<p>[\/et_pb_toggle][et_pb_toggle title=&#8221;Ingredientes&#8221; open_toggle_text_color=&#8221;#000000&#8243; open_toggle_background_color=&#8221;#ffffff&#8221; closed_toggle_background_color=&#8221;#ffffff&#8221; _builder_version=&#8221;4.16&#8243; _module_preset=&#8221;default&#8221; title_text_color=&#8221;#000000&#8243; title_font=&#8221;Lato|700|||||||&#8221; closed_title_font=&#8221;Lato|700|||||||&#8221; closed_title_line_height=&#8221;1em&#8221; body_font=&#8221;Lato||||||||&#8221; body_text_color=&#8221;#000000&#8243; body_font_size=&#8221;16px&#8221; body_line_height=&#8221;1.5em&#8221; min_height=&#8221;59px&#8221; custom_margin=&#8221;2px||2px|||&#8221; custom_padding=&#8221;||12px|||&#8221; global_colors_info=&#8221;{}&#8221;]Consulte las p\u00e1ginas de cada producto para obtener m\u00e1s informaci\u00f3n.[\/et_pb_toggle][et_pb_toggle title=&#8221;Easy-Ship&#8221; open_toggle_text_color=&#8221;#000000&#8243; open_toggle_background_color=&#8221;#ffffff&#8221; closed_toggle_background_color=&#8221;#ffffff&#8221; _builder_version=&#8221;4.27.4&#8243; _module_preset=&#8221;default&#8221; title_text_color=&#8221;#000000&#8243; title_font=&#8221;Lato|700|||||||&#8221; closed_title_font=&#8221;Lato|700|||||||&#8221; closed_title_line_height=&#8221;1em&#8221; body_font=&#8221;Lato||||||||&#8221; body_text_color=&#8221;#000000&#8243; body_font_size=&#8221;16px&#8221; body_line_height=&#8221;1.5em&#8221; min_height=&#8221;59px&#8221; custom_margin=&#8221;2px||2px|||&#8221; custom_padding=&#8221;||12px|||&#8221; global_colors_info=&#8221;{}&#8221;]<\/p>\n<p>This bundle is not available on Easy-Ship.\u00a0<\/p>\n<p>[\/et_pb_toggle][\/et_pb_column][\/et_pb_row][\/et_pb_section][et_pb_section fb_built=&#8221;1&#8243; _builder_version=&#8221;4.16&#8243; _module_preset=&#8221;default&#8221; global_colors_info=&#8221;{}&#8221;][et_pb_row _builder_version=&#8221;4.16&#8243; _module_preset=&#8221;default&#8221; global_colors_info=&#8221;{}&#8221;][et_pb_column type=&#8221;4_4&#8243; _builder_version=&#8221;4.16&#8243; _module_preset=&#8221;default&#8221; global_colors_info=&#8221;{}&#8221;][et_pb_text _builder_version=&#8221;4.16&#8243; _module_preset=&#8221;default&#8221; text_font=&#8221;Lato||||||||&#8221; text_text_color=&#8221;#000000&#8243; text_font_size=&#8221;19px&#8221; border_width_all=&#8221;2px&#8221; global_colors_info=&#8221;{}&#8221;]\u2020Estas declaraciones no han sido evaluadas por la Administraci\u00f3n de Alimentos y Medicamentos (FDA). Este producto no est\u00e1 destinado a diagnosticar, tratar, curar o prevenir ninguna enfermedad.[\/et_pb_text][\/et_pb_column][\/et_pb_row][\/et_pb_section][et_pb_section fb_built=&#8221;1&#8243; _builder_version=&#8221;4.16&#8243; background_enable_image=&#8221;off&#8221; background_position=&#8221;bottom_center&#8221; min_height=&#8221;762px&#8221; custom_margin=&#8221;||-100px||false|false&#8221; custom_padding=&#8221;1px|0px|0px|0px||&#8221; global_colors_info=&#8221;{}&#8221;][et_pb_row column_structure=&#8221;1_2,1_2&#8243; admin_label=&#8221;CTA Row&#8221; _builder_version=&#8221;4.16&#8243; min_height=&#8221;525px&#8221; custom_margin=&#8221;|auto|1px|auto||&#8221; custom_padding=&#8221;||0px|||&#8221; global_colors_info=&#8221;{}&#8221;][et_pb_column type=&#8221;1_2&#8243; _builder_version=&#8221;4.16&#8243; background_enable_image=&#8221;off&#8221; custom_padding=&#8221;|||&#8221; global_colors_info=&#8221;{}&#8221; custom_padding__hover=&#8221;|||&#8221;][et_pb_image src=&#8221;\/wp-content\/uploads\/2025\/02\/IMG_8499-2.jpg&#8221; title_text=&#8221;IMG_8499 2&#8243; align=&#8221;center&#8221; src_tablet=&#8221;&#8221; src_phone=&#8221;\/wp-content\/uploads\/2025\/02\/IMG_8499-2.jpg&#8221; src_last_edited=&#8221;on|phone&#8221; align_tablet=&#8221;center&#8221; align_phone=&#8221;&#8221; align_last_edited=&#8221;on|desktop&#8221; admin_label=&#8221;Cleanses Image&#8221; _builder_version=&#8221;4.27.4&#8243; min_height=&#8221;438px&#8221; min_height_tablet=&#8221;&#8221; min_height_phone=&#8221;244px&#8221; min_height_last_edited=&#8221;on|phone&#8221; height=&#8221;220px&#8221; custom_margin=&#8221;5px||45px||false|false&#8221; custom_padding=&#8221;|5px|50px|5px|false|false&#8221; hover_enabled=&#8221;0&#8243; global_colors_info=&#8221;{}&#8221; sticky_enabled=&#8221;0&#8243;][\/et_pb_image][\/et_pb_column][et_pb_column type=&#8221;1_2&#8243; _builder_version=&#8221;4.16&#8243; custom_padding=&#8221;|||&#8221; global_colors_info=&#8221;{}&#8221; custom_padding__hover=&#8221;|||&#8221;][et_pb_cta title=&#8221;POR QU\u00c9 CREAMOS LOS PAQUETES DE BRAVENLY&#8221; button_url=&#8221;\/es\/packages-and-offers\/&#8221; url_new_window=&#8221;on&#8221; button_text=&#8221;VER TODOS LOS PAQUETES&#8221; admin_label=&#8221;T\u00edtulo, p\u00e1rrafo &amp; llamada a la acci\u00f3n&#8221; _builder_version=&#8221;4.27.4&#8243; header_font=&#8221;Tenor Sans|||on|||||&#8221; header_text_color=&#8221;#000000&#8243; header_font_size=&#8221;28px&#8221; header_line_height=&#8221;1.5em&#8221; body_font=&#8221;Lato||||||||&#8221; body_text_color=&#8221;#000000&#8243; body_font_size=&#8221;16px&#8221; body_line_height=&#8221;1.5em&#8221; use_background_color=&#8221;off&#8221; custom_button=&#8221;on&#8221; button_text_size=&#8221;16px&#8221; button_text_color=&#8221;#000000&#8243; button_border_color=&#8221;#000000&#8243; button_font=&#8221;Lato||||||||&#8221; text_orientation=&#8221;left&#8221; background_layout=&#8221;light&#8221; min_height=&#8221;386px&#8221; custom_margin=&#8221;-8px|||||&#8221; custom_margin_tablet=&#8221;0px|||&#8221; custom_margin_phone=&#8221;5px||100px||false|false&#8221; custom_margin_last_edited=&#8221;on|tablet&#8221; custom_padding=&#8221;||60px||false|false&#8221; custom_padding_tablet=&#8221;&#8221; custom_padding_phone=&#8221;5px||150px||false|false&#8221; custom_padding_last_edited=&#8221;on|phone&#8221; link_option_url_new_window=&#8221;on&#8221; button_text_color_hover=&#8221;#ffffff&#8221; button_border_color_hover=&#8221;rgba(0,0,0,0)&#8221; button_border_radius_hover=&#8221;28px&#8221; button_letter_spacing_hover=&#8221;2px&#8221; button_bg_color_hover=&#8221;rgba(0,0,0,0.7)&#8221; global_colors_info=&#8221;{}&#8221; button_text_size__hover_enabled=&#8221;off&#8221; button_one_text_size__hover_enabled=&#8221;off&#8221; button_two_text_size__hover_enabled=&#8221;off&#8221; button_text_color__hover_enabled=&#8221;on&#8221; button_text_color__hover=&#8221;#ffffff&#8221; button_one_text_color__hover_enabled=&#8221;off&#8221; button_two_text_color__hover_enabled=&#8221;off&#8221; button_border_width__hover_enabled=&#8221;off&#8221; button_one_border_width__hover_enabled=&#8221;off&#8221; button_two_border_width__hover_enabled=&#8221;off&#8221; button_border_color__hover_enabled=&#8221;on&#8221; button_border_color__hover=&#8221;rgba(0,0,0,0)&#8221; button_one_border_color__hover_enabled=&#8221;off&#8221; button_two_border_color__hover_enabled=&#8221;off&#8221; button_border_radius__hover_enabled=&#8221;on&#8221; button_border_radius__hover=&#8221;28px&#8221; button_one_border_radius__hover_enabled=&#8221;off&#8221; button_two_border_radius__hover_enabled=&#8221;off&#8221; button_letter_spacing__hover_enabled=&#8221;on&#8221; button_letter_spacing__hover=&#8221;2px&#8221; button_one_letter_spacing__hover_enabled=&#8221;off&#8221; button_two_letter_spacing__hover_enabled=&#8221;off&#8221; button_bg_color__hover_enabled=&#8221;on&#8221; button_bg_color__hover=&#8221;rgba(0,0,0,0.7)&#8221; button_one_bg_color__hover_enabled=&#8221;off&#8221; button_two_bg_color__hover_enabled=&#8221;off&#8221;]<\/p>\n<p>Esto hace que combinar los productos perfectos sea mucho m\u00e1s f\u00e1cil y econ\u00f3mico para TI.<\/p>\n<p>Cada <strong>paquete<\/strong> est\u00e1 personalizado seg\u00fan <strong>tus<\/strong> objetivos espec\u00edficos y lo que es mejor para tu rutina y estilo de vida.<\/p>\n<p>Hemos combinado algunos de nuestros productos m\u00e1s populares, basados en las elecciones de nuestros clientes m\u00e1s frecuentes, \u00a1as\u00ed que son combinaciones que sabes que puedes confiar!<\/p>\n<p>Y lo mejor de todo, hemos ajustado las cantidades de productos que necesitas por <strong>paquete<\/strong>, para que tengas suficiente suministro hasta que necesites hacer tu nuevo pedido.<\/p>\n<p>[\/et_pb_cta][\/et_pb_column][\/et_pb_row][\/et_pb_section]<\/p>\n","protected":false},"excerpt":{"rendered":"<p>PAQUETE SWEETHEART \u00a1El amor est\u00e1 en el aire y huele a frutos rojos! Conoce el Paquete Sweetheart, un tr\u00edo de edici\u00f3n limitada con sabor a frutos rojos y bayas y un toque rosa, dise\u00f1ado para apoyar la hidrataci\u00f3n, energ\u00eda y belleza natural, todo envuelto en un paquete lleno de amor. Ya sea que te est\u00e9s [&hellip;]<\/p>\n","protected":false},"author":191432657,"featured_media":0,"parent":0,"menu_order":0,"comment_status":"closed","ping_status":"closed","template":"","meta":{"_et_pb_use_builder":"on","_et_pb_old_content":"","_et_gb_content_width":"","_coblocks_attr":"","_coblocks_dimensions":"","_coblocks_responsive_height":"","_coblocks_accordion_ie_support":"","footnotes":""},"class_list":["post-20753","page","type-page","status-publish","hentry"],"_links":{"self":[{"href":"https:\/\/holistichealthbar.bravenlyglobal.com\/es\/wp-json\/wp\/v2\/pages\/20753","targetHints":{"allow":["GET"]}}],"collection":[{"href":"https:\/\/holistichealthbar.bravenlyglobal.com\/es\/wp-json\/wp\/v2\/pages"}],"about":[{"href":"https:\/\/holistichealthbar.bravenlyglobal.com\/es\/wp-json\/wp\/v2\/types\/page"}],"author":[{"embeddable":true,"href":"https:\/\/holistichealthbar.bravenlyglobal.com\/es\/wp-json\/wp\/v2\/users\/191432657"}],"replies":[{"embeddable":true,"href":"https:\/\/holistichealthbar.bravenlyglobal.com\/es\/wp-json\/wp\/v2\/comments?post=20753"}],"version-history":[{"count":5,"href":"https:\/\/holistichealthbar.bravenlyglobal.com\/es\/wp-json\/wp\/v2\/pages\/20753\/revisions"}],"predecessor-version":[{"id":20862,"href":"https:\/\/holistichealthbar.bravenlyglobal.com\/es\/wp-json\/wp\/v2\/pages\/20753\/revisions\/20862"}],"wp:attachment":[{"href":"https:\/\/holistichealthbar.bravenlyglobal.com\/es\/wp-json\/wp\/v2\/media?parent=20753"}],"curies":[{"name":"wp","href":"https:\/\/api.w.org\/{rel}","templated":true}]}}